{"id":3219,"date":"2014-10-09T15:38:22","date_gmt":"2014-10-09T15:38:22","guid":{"rendered":"http:\/\/themes.goodlayers.com\/theluxury\/?page_id=3219"},"modified":"2023-05-03T07:22:58","modified_gmt":"2023-05-03T07:22:58","slug":"gallery-5-columns-without-caption","status":"publish","type":"page","link":"https:\/\/www.tek-display.de\/?page_id=3219","title":{"rendered":"\u00fcber uns &#8211; Displays und Kartonagen"},"content":{"rendered":"<p class=\"p1\"><span class=\"s1\">Seit mehr als 25 Jahren ist die TEK Group auf die Produktion von Verpackungen im Gr\u00fcnen Markt spezialisiert und entwickelt sich st\u00e4ndig weiter. Wir arbeiten mit Leidenschaft und viel Begeisterung und stellen uns motiviert allen Herausforderungen, um die W\u00fcnsche unserer Kunden zu erf\u00fcllen.<\/span><\/p>\n<p class=\"p1\"><span class=\"s1\">Neben der Produktion von Sament\u00fcten und Etiketten entwickeln und produzieren wir f\u00fcr unsere Kunden auch Verpackungen und Warentr\u00e4ger \/ Displays aus Karton.<\/span><\/p>\n<p>Nutzen Sie die Gelegenheit sich einen \u00dcberblick zu verschaffen. Wir w\u00fcrden uns freuen, mit Ihnen neue Produkte zu entwickeln.<\/p>\n<h6><span style=\"color: #464646;\">wunschverpackung, graspapier, verpackung, wellpappe, vollpappe, nachhaltig, karton, schachtel, shop, f\u00fcllen, abf\u00fcllen, t\u00fcten, sament\u00fcten, etiketten, display, displays, papier, wanddisplay, pos, pointofsale, sale, container, cc, kartonagen, wunschdisplay, graspapierdisplay, graspapierverpackung, graspapierschachtel, faltkarton, klappkarton, a-welle, b-welle, e-welle, 1-wellig, 2-wellig, grasfaser, recyclingpapier, kraftpapier, papieretiketten, graspapieretiketten,<\/span><\/h6>\n","protected":false},"excerpt":{"rendered":"<p>Seit mehr als 25 Jahren ist die TEK Group auf die Produktion von Verpackungen im Gr\u00fcnen Markt spezialisiert und entwickelt sich st\u00e4ndig weiter. Wir arbeiten mit Leidenschaft und viel Begeisterung und stellen uns motiviert allen Herausforderungen, um die W\u00fcnsche unserer Kunden zu erf\u00fcllen. Neben der Produktion von Sament\u00fcten und Etiketten entwickeln und produzieren wir f\u00fcr&#8230; <\/p>\n<div class=\"clear\"><\/div>\n<p><a href=\"https:\/\/www.tek-display.de\/?page_id=3219\" class=\"excerpt-read-more\">Read More<\/a><\/p>\n","protected":false},"author":1,"featured_media":0,"parent":0,"menu_order":0,"comment_status":"closed","ping_status":"open","template":"","meta":{"_exactmetrics_skip_tracking":false,"_exactmetrics_sitenote_active":false,"_exactmetrics_sitenote_note":"","_exactmetrics_sitenote_category":0,"footnotes":""},"yoast_head":"<!-- This site is optimized with the Yoast SEO plugin v22.1 - https:\/\/yoast.com\/wordpress\/plugins\/seo\/ -->\n<title>\u00fcber uns - Displays und Kartonagen - TEK-West Graspapier Display Kartonagen Verpackung Graspapier<\/title>\n<meta name=\"robots\" content=\"index, follow, max-snippet:-1, max-image-preview:large, max-video-preview:-1\" \/>\n<link rel=\"canonical\" href=\"https:\/\/www.tek-display.de\/?page_id=3219\" \/>\n<meta property=\"og:locale\" content=\"de_DE\" \/>\n<meta property=\"og:type\" content=\"article\" \/>\n<meta property=\"og:title\" content=\"\u00fcber uns - Displays und Kartonagen - TEK-West Graspapier Display Kartonagen Verpackung Graspapier\" \/>\n<meta property=\"og:description\" content=\"Seit mehr als 25 Jahren ist die TEK Group auf die Produktion von Verpackungen im Gr\u00fcnen Markt spezialisiert und entwickelt sich st\u00e4ndig weiter. Wir arbeiten mit Leidenschaft und viel Begeisterung und stellen uns motiviert allen Herausforderungen, um die W\u00fcnsche unserer Kunden zu erf\u00fcllen. Neben der Produktion von Sament\u00fcten und Etiketten entwickeln und produzieren wir f\u00fcr... Read More\" \/>\n<meta property=\"og:url\" content=\"https:\/\/www.tek-display.de\/?page_id=3219\" \/>\n<meta property=\"og:site_name\" content=\"TEK-West Graspapier Display Kartonagen Verpackung Graspapier\" \/>\n<meta property=\"article:modified_time\" content=\"2023-05-03T07:22:58+00:00\" \/>\n<meta property=\"og:image\" content=\"https:\/\/www.tek-display.de\/wp-content\/uploads\/2018\/04\/logotr1.png\" \/>\n\t<meta property=\"og:image:width\" content=\"186\" \/>\n\t<meta property=\"og:image:height\" content=\"39\" \/>\n\t<meta property=\"og:image:type\" content=\"image\/png\" \/>\n<meta name=\"twitter:card\" content=\"summary_large_image\" \/>\n<meta name=\"twitter:label1\" content=\"Gesch\u00e4tzte Lesezeit\" \/>\n\t<meta name=\"twitter:data1\" content=\"1\u00a0Minute\" \/>\n<script type=\"application\/ld+json\" class=\"yoast-schema-graph\">{\"@context\":\"https:\/\/schema.org\",\"@graph\":[{\"@type\":\"WebPage\",\"@id\":\"https:\/\/www.tek-display.de\/?page_id=3219\",\"url\":\"https:\/\/www.tek-display.de\/?page_id=3219\",\"name\":\"\u00fcber uns - Displays und Kartonagen - TEK-West Graspapier Display Kartonagen Verpackung Graspapier\",\"isPartOf\":{\"@id\":\"https:\/\/www.tek-display.de\/#website\"},\"datePublished\":\"2014-10-09T15:38:22+00:00\",\"dateModified\":\"2023-05-03T07:22:58+00:00\",\"breadcrumb\":{\"@id\":\"https:\/\/www.tek-display.de\/?page_id=3219#breadcrumb\"},\"inLanguage\":\"de\",\"potentialAction\":[{\"@type\":\"ReadAction\",\"target\":[\"https:\/\/www.tek-display.de\/?page_id=3219\"]}]},{\"@type\":\"BreadcrumbList\",\"@id\":\"https:\/\/www.tek-display.de\/?page_id=3219#breadcrumb\",\"itemListElement\":[{\"@type\":\"ListItem\",\"position\":1,\"name\":\"Startseite\",\"item\":\"https:\/\/www.tek-display.de\/\"},{\"@type\":\"ListItem\",\"position\":2,\"name\":\"\u00fcber uns &#8211; Displays und Kartonagen\"}]},{\"@type\":\"WebSite\",\"@id\":\"https:\/\/www.tek-display.de\/#website\",\"url\":\"https:\/\/www.tek-display.de\/\",\"name\":\"TEK-West Graspapier Display Kartonagen Verpackung Graspapier\",\"description\":\"Displays Graspapier Kartonagen Verpackungen Graspapier\",\"publisher\":{\"@id\":\"https:\/\/www.tek-display.de\/#organization\"},\"potentialAction\":[{\"@type\":\"SearchAction\",\"target\":{\"@type\":\"EntryPoint\",\"urlTemplate\":\"https:\/\/www.tek-display.de\/?s={search_term_string}\"},\"query-input\":\"required name=search_term_string\"}],\"inLanguage\":\"de\"},{\"@type\":\"Organization\",\"@id\":\"https:\/\/www.tek-display.de\/#organization\",\"name\":\"TEKwest Display Kartonagen Verpackung POS Sament\u00fcten Etiketten\",\"url\":\"https:\/\/www.tek-display.de\/\",\"logo\":{\"@type\":\"ImageObject\",\"inLanguage\":\"de\",\"@id\":\"https:\/\/www.tek-display.de\/#\/schema\/logo\/image\/\",\"url\":\"https:\/\/www.tek-display.de\/wp-content\/uploads\/2018\/04\/logotekwest-1.jpg\",\"contentUrl\":\"https:\/\/www.tek-display.de\/wp-content\/uploads\/2018\/04\/logotekwest-1.jpg\",\"width\":320,\"height\":39,\"caption\":\"TEKwest Display Kartonagen Verpackung POS Sament\u00fcten Etiketten\"},\"image\":{\"@id\":\"https:\/\/www.tek-display.de\/#\/schema\/logo\/image\/\"}}]}<\/script>\n<!-- \/ Yoast SEO plugin. -->","yoast_head_json":{"title":"\u00fcber uns - Displays und Kartonagen - TEK-West Graspapier Display Kartonagen Verpackung Graspapier","robots":{"index":"index","follow":"follow","max-snippet":"max-snippet:-1","max-image-preview":"max-image-preview:large","max-video-preview":"max-video-preview:-1"},"canonical":"https:\/\/www.tek-display.de\/?page_id=3219","og_locale":"de_DE","og_type":"article","og_title":"\u00fcber uns - Displays und Kartonagen - TEK-West Graspapier Display Kartonagen Verpackung Graspapier","og_description":"Seit mehr als 25 Jahren ist die TEK Group auf die Produktion von Verpackungen im Gr\u00fcnen Markt spezialisiert und entwickelt sich st\u00e4ndig weiter. Wir arbeiten mit Leidenschaft und viel Begeisterung und stellen uns motiviert allen Herausforderungen, um die W\u00fcnsche unserer Kunden zu erf\u00fcllen. Neben der Produktion von Sament\u00fcten und Etiketten entwickeln und produzieren wir f\u00fcr... Read More","og_url":"https:\/\/www.tek-display.de\/?page_id=3219","og_site_name":"TEK-West Graspapier Display Kartonagen Verpackung Graspapier","article_modified_time":"2023-05-03T07:22:58+00:00","og_image":[{"width":186,"height":39,"url":"https:\/\/www.tek-display.de\/wp-content\/uploads\/2018\/04\/logotr1.png","type":"image\/png"}],"twitter_card":"summary_large_image","twitter_misc":{"Gesch\u00e4tzte Lesezeit":"1\u00a0Minute"},"schema":{"@context":"https:\/\/schema.org","@graph":[{"@type":"WebPage","@id":"https:\/\/www.tek-display.de\/?page_id=3219","url":"https:\/\/www.tek-display.de\/?page_id=3219","name":"\u00fcber uns - Displays und Kartonagen - TEK-West Graspapier Display Kartonagen Verpackung Graspapier","isPartOf":{"@id":"https:\/\/www.tek-display.de\/#website"},"datePublished":"2014-10-09T15:38:22+00:00","dateModified":"2023-05-03T07:22:58+00:00","breadcrumb":{"@id":"https:\/\/www.tek-display.de\/?page_id=3219#breadcrumb"},"inLanguage":"de","potentialAction":[{"@type":"ReadAction","target":["https:\/\/www.tek-display.de\/?page_id=3219"]}]},{"@type":"BreadcrumbList","@id":"https:\/\/www.tek-display.de\/?page_id=3219#breadcrumb","itemListElement":[{"@type":"ListItem","position":1,"name":"Startseite","item":"https:\/\/www.tek-display.de\/"},{"@type":"ListItem","position":2,"name":"\u00fcber uns &#8211; Displays und Kartonagen"}]},{"@type":"WebSite","@id":"https:\/\/www.tek-display.de\/#website","url":"https:\/\/www.tek-display.de\/","name":"TEK-West Graspapier Display Kartonagen Verpackung Graspapier","description":"Displays Graspapier Kartonagen Verpackungen Graspapier","publisher":{"@id":"https:\/\/www.tek-display.de\/#organization"},"potentialAction":[{"@type":"SearchAction","target":{"@type":"EntryPoint","urlTemplate":"https:\/\/www.tek-display.de\/?s={search_term_string}"},"query-input":"required name=search_term_string"}],"inLanguage":"de"},{"@type":"Organization","@id":"https:\/\/www.tek-display.de\/#organization","name":"TEKwest Display Kartonagen Verpackung POS Sament\u00fcten Etiketten","url":"https:\/\/www.tek-display.de\/","logo":{"@type":"ImageObject","inLanguage":"de","@id":"https:\/\/www.tek-display.de\/#\/schema\/logo\/image\/","url":"https:\/\/www.tek-display.de\/wp-content\/uploads\/2018\/04\/logotekwest-1.jpg","contentUrl":"https:\/\/www.tek-display.de\/wp-content\/uploads\/2018\/04\/logotekwest-1.jpg","width":320,"height":39,"caption":"TEKwest Display Kartonagen Verpackung POS Sament\u00fcten Etiketten"},"image":{"@id":"https:\/\/www.tek-display.de\/#\/schema\/logo\/image\/"}}]}},"jetpack_sharing_enabled":true,"_links":{"self":[{"href":"https:\/\/www.tek-display.de\/index.php?rest_route=\/wp\/v2\/pages\/3219"}],"collection":[{"href":"https:\/\/www.tek-display.de\/index.php?rest_route=\/wp\/v2\/pages"}],"about":[{"href":"https:\/\/www.tek-display.de\/index.php?rest_route=\/wp\/v2\/types\/page"}],"author":[{"embeddable":true,"href":"https:\/\/www.tek-display.de\/index.php?rest_route=\/wp\/v2\/users\/1"}],"replies":[{"embeddable":true,"href":"https:\/\/www.tek-display.de\/index.php?rest_route=%2Fwp%2Fv2%2Fcomments&post=3219"}],"version-history":[{"count":0,"href":"https:\/\/www.tek-display.de\/index.php?rest_route=\/wp\/v2\/pages\/3219\/revisions"}],"wp:attachment":[{"href":"https:\/\/www.tek-display.de\/index.php?rest_route=%2Fwp%2Fv2%2Fmedia&parent=3219"}],"curies":[{"name":"wp","href":"https:\/\/api.w.org\/{rel}","templated":true}]}}